{"id":2456,"date":"2019-10-09T12:56:21","date_gmt":"2019-10-09T12:56:21","guid":{"rendered":"http:\/\/neu.rh1704.feuerwehr-lutterbeck.de\/?page_id=2456"},"modified":"2019-10-29T12:28:51","modified_gmt":"2019-10-29T12:28:51","slug":"news","status":"publish","type":"page","link":"https:\/\/feuerwehr-lutterbeck.de\/?page_id=2456","title":{"rendered":"News"},"content":{"rendered":"<section class=\"wpb-content-wrapper\"><p>[vc_row][vc_column][vc_column_text css=&#8220;.vc_custom_1572352120393{margin-bottom: 40px !important;}&#8220;]<\/p>\n<h1 style=\"text-align: center;\">NEWS<\/h1>\n<p>[\/vc_column_text][\/vc_column][\/vc_row][vc_row][vc_column]<div id=\"sc_services_1692121267_wrap\" class=\"sc_services_wrap\"><div id=\"sc_services_1692121267\" class=\"sc_services sc_services_style_services-5 sc_services_type_images \" style=\"width:100%;\"><div class=\"sc_columns columns_wrap\"><div class=\"column-1_4 column_padding_bottom\">\t\t\t<div id=\"sc_services_1692121267_1\"\t\t\t\tclass=\"sc_services_item sc_services_item_1 odd first\"\n\t\t\t\t>\n\t\t\t\t\t\t\t\t\t<div class=\"sc_services_item_featured post_featured\">\n\t\t\t\t\t\t\t<div class=\"post_thumb\" data-image=\"https:\/\/feuerwehr-lutterbeck.de\/wp-content\/uploads\/2015\/08\/ballot-black-and-white-black-and-white-1550337.jpg\" data-title=\"Jahreshauptversammlung 2026\">\n\t<a class=\"hover_icon hover_icon_link\" href=\"https:\/\/feuerwehr-lutterbeck.de\/?services=jahreshauptversammlung-2026\"><img class=\"wp-post-image\" width=\"390\" height=\"390\" alt=\"Jahreshauptversammlung 2026\" src=\"https:\/\/feuerwehr-lutterbeck.de\/wp-content\/uploads\/2015\/08\/ballot-black-and-white-black-and-white-1550337-390x390.jpg\"><\/a>\t<\/div>\n\t\t\t\t\t\t<\/div>\n\t\t\t\t\t\t\t\t\t<div class=\"sc_services_item_content\">\n\t\t\t\t\t<h4 class=\"sc_services_item_title\"><a href=\"https:\/\/feuerwehr-lutterbeck.de\/?services=jahreshauptversammlung-2026\">Jahreshauptversammlung 2026<\/a><\/h4>\n\t\t\t\t\t<div class=\"sc_services_item_description\">\n\t\t\t\t\t\t<p>Hiermit l\u00e4dt das Kommando der Freiwilligen Feuerwehr Lutterbeck ganz herzlich zur\nJahreshauptversammlung, am Samstag 24. Januar 2026, ab 19:00 Uhr...<\/p><a href=\"https:\/\/feuerwehr-lutterbeck.de\/?services=jahreshauptversammlung-2026\" class=\"sc_services_item_readmore\">Learn more<span class=\"icon-right\"><\/span><\/a>\t\t\t\t\t<\/div>\n\t\t\t\t<\/div>\n\t\t\t<\/div>\n\t\t<\/div><div class=\"column-1_4 column_padding_bottom\">\t\t\t<div id=\"sc_services_1692121267_2\"\t\t\t\tclass=\"sc_services_item sc_services_item_2 even\"\n\t\t\t\t>\n\t\t\t\t\t\t\t\t\t<div class=\"sc_services_item_featured post_featured\">\n\t\t\t\t\t\t\t<div class=\"post_thumb\" data-image=\"https:\/\/feuerwehr-lutterbeck.de\/wp-content\/uploads\/2025\/06\/Screenshot_20250603_220918_Instagram.jpg\" data-title=\"Weperturnier 2025\">\n\t<a class=\"hover_icon hover_icon_link\" href=\"https:\/\/feuerwehr-lutterbeck.de\/?services=weperturnier-2025\"><img class=\"wp-post-image\" width=\"390\" height=\"390\" alt=\"Weperturnier 2025\" src=\"https:\/\/feuerwehr-lutterbeck.de\/wp-content\/uploads\/2025\/06\/Screenshot_20250603_220918_Instagram-390x390.jpg\"><\/a>\t<\/div>\n\t\t\t\t\t\t<\/div>\n\t\t\t\t\t\t\t\t\t<div class=\"sc_services_item_content\">\n\t\t\t\t\t<h4 class=\"sc_services_item_title\"><a href=\"https:\/\/feuerwehr-lutterbeck.de\/?services=weperturnier-2025\">Weperturnier 2025<\/a><\/h4>\n\t\t\t\t\t<div class=\"sc_services_item_description\">\n\t\t\t\t\t\t<p>&nbsp; &nbsp;<\/p><a href=\"https:\/\/feuerwehr-lutterbeck.de\/?services=weperturnier-2025\" class=\"sc_services_item_readmore\">Learn more<span class=\"icon-right\"><\/span><\/a>\t\t\t\t\t<\/div>\n\t\t\t\t<\/div>\n\t\t\t<\/div>\n\t\t<\/div><div class=\"column-1_4 column_padding_bottom\">\t\t\t<div id=\"sc_services_1692121267_3\"\t\t\t\tclass=\"sc_services_item sc_services_item_3 odd\"\n\t\t\t\t>\n\t\t\t\t\t\t\t\t\t<div class=\"sc_services_item_featured post_featured\">\n\t\t\t\t\t\t\t<div class=\"post_thumb\" data-image=\"https:\/\/feuerwehr-lutterbeck.de\/wp-content\/uploads\/2015\/08\/ballot-black-and-white-black-and-white-1550337.jpg\" data-title=\"Jahreshauptversammlung 2025\">\n\t<a class=\"hover_icon hover_icon_link\" href=\"https:\/\/feuerwehr-lutterbeck.de\/?services=jahreshauptversammlung-2025\"><img class=\"wp-post-image\" width=\"390\" height=\"390\" alt=\"Jahreshauptversammlung 2025\" src=\"https:\/\/feuerwehr-lutterbeck.de\/wp-content\/uploads\/2015\/08\/ballot-black-and-white-black-and-white-1550337-390x390.jpg\"><\/a>\t<\/div>\n\t\t\t\t\t\t<\/div>\n\t\t\t\t\t\t\t\t\t<div class=\"sc_services_item_content\">\n\t\t\t\t\t<h4 class=\"sc_services_item_title\"><a href=\"https:\/\/feuerwehr-lutterbeck.de\/?services=jahreshauptversammlung-2025\">Jahreshauptversammlung 2025<\/a><\/h4>\n\t\t\t\t\t<div class=\"sc_services_item_description\">\n\t\t\t\t\t\t<p>hiermit l\u00e4dt das Kommando der Freiwilligen Feuerwehr Lutterbeck sowie der Vorstand\ndes Feuerwehrvereins Lutterbeck e.V alle Mitglieder zur...<\/p><a href=\"https:\/\/feuerwehr-lutterbeck.de\/?services=jahreshauptversammlung-2025\" class=\"sc_services_item_readmore\">Learn more<span class=\"icon-right\"><\/span><\/a>\t\t\t\t\t<\/div>\n\t\t\t\t<\/div>\n\t\t\t<\/div>\n\t\t<\/div><div class=\"column-1_4 column_padding_bottom\">\t\t\t<div id=\"sc_services_1692121267_4\"\t\t\t\tclass=\"sc_services_item sc_services_item_4 even\"\n\t\t\t\t>\n\t\t\t\t\t\t\t\t\t<div class=\"sc_services_item_featured post_featured\">\n\t\t\t\t\t\t\t<div class=\"post_thumb\" data-image=\"https:\/\/feuerwehr-lutterbeck.de\/wp-content\/uploads\/2024\/07\/Screenshot-2024-07-03-125823.jpg\" data-title=\"KICKOFF Stickerstars 2024\">\n\t<a class=\"hover_icon hover_icon_link\" href=\"https:\/\/feuerwehr-lutterbeck.de\/?services=kickoff-stickerstars-2024\"><img class=\"wp-post-image\" width=\"390\" height=\"390\" alt=\"KICKOFF Stickerstars 2024\" src=\"https:\/\/feuerwehr-lutterbeck.de\/wp-content\/uploads\/2024\/07\/Screenshot-2024-07-03-125823-390x390.jpg\"><\/a>\t<\/div>\n\t\t\t\t\t\t<\/div>\n\t\t\t\t\t\t\t\t\t<div class=\"sc_services_item_content\">\n\t\t\t\t\t<h4 class=\"sc_services_item_title\"><a href=\"https:\/\/feuerwehr-lutterbeck.de\/?services=kickoff-stickerstars-2024\">KICKOFF Stickerstars 2024<\/a><\/h4>\n\t\t\t\t\t<div class=\"sc_services_item_description\">\n\t\t\t\t\t\t<p>KICKOFF unserers Stickeralbums am 08.08.24 um 17 Uhr im Rewe Markt Gippert Moringen.<\/p><a href=\"https:\/\/feuerwehr-lutterbeck.de\/?services=kickoff-stickerstars-2024\" class=\"sc_services_item_readmore\">Learn more<span class=\"icon-right\"><\/span><\/a>\t\t\t\t\t<\/div>\n\t\t\t\t<\/div>\n\t\t\t<\/div>\n\t\t<\/div><div class=\"column-1_4 column_padding_bottom\">\t\t\t<div id=\"sc_services_1692121267_5\"\t\t\t\tclass=\"sc_services_item sc_services_item_5 odd\"\n\t\t\t\t>\n\t\t\t\t\t\t\t\t\t<div class=\"sc_services_item_featured post_featured\">\n\t\t\t\t\t\t\t<div class=\"post_thumb\" data-image=\"https:\/\/feuerwehr-lutterbeck.de\/wp-content\/uploads\/2023\/04\/osterfeuer24.jpg\" data-title=\"Osterfeuer 2024\">\n\t<a class=\"hover_icon hover_icon_link\" href=\"https:\/\/feuerwehr-lutterbeck.de\/?services=osterfeuer-2023\"><img class=\"wp-post-image\" width=\"390\" height=\"390\" alt=\"Osterfeuer 2024\" src=\"https:\/\/feuerwehr-lutterbeck.de\/wp-content\/uploads\/2023\/04\/osterfeuer24-390x390.jpg\"><\/a>\t<\/div>\n\t\t\t\t\t\t<\/div>\n\t\t\t\t\t\t\t\t\t<div class=\"sc_services_item_content\">\n\t\t\t\t\t<h4 class=\"sc_services_item_title\"><a href=\"https:\/\/feuerwehr-lutterbeck.de\/?services=osterfeuer-2023\">Osterfeuer 2024<\/a><\/h4>\n\t\t\t\t\t<div class=\"sc_services_item_description\">\n\t\t\t\t\t\t<p>Osterfeuer 2024 am 31.03. an der Grillh\u00fctte Lutterbeck. F\u00fcr das leibliche Wohl wird gesorgt. Entz\u00fcndung bei Einbruch der Dunkelheit.<\/p><a href=\"https:\/\/feuerwehr-lutterbeck.de\/?services=osterfeuer-2023\" class=\"sc_services_item_readmore\">Learn more<span class=\"icon-right\"><\/span><\/a>\t\t\t\t\t<\/div>\n\t\t\t\t<\/div>\n\t\t\t<\/div>\n\t\t<\/div><div class=\"column-1_4 column_padding_bottom\">\t\t\t<div id=\"sc_services_1692121267_6\"\t\t\t\tclass=\"sc_services_item sc_services_item_6 even\"\n\t\t\t\t>\n\t\t\t\t\t\t\t\t\t<div class=\"sc_services_item_featured post_featured\">\n\t\t\t\t\t\t\t<div class=\"post_thumb\" data-image=\"https:\/\/feuerwehr-lutterbeck.de\/wp-content\/uploads\/2024\/02\/IMG_20240129_205249_664.jpg\" data-title=\"Jahreshauptversammlung 2024\">\n\t<a class=\"hover_icon hover_icon_link\" href=\"https:\/\/feuerwehr-lutterbeck.de\/?services=jahreshauptversammlung-2024\"><img class=\"wp-post-image\" width=\"390\" height=\"390\" alt=\"Jahreshauptversammlung 2024\" src=\"https:\/\/feuerwehr-lutterbeck.de\/wp-content\/uploads\/2024\/02\/IMG_20240129_205249_664-390x390.jpg\"><\/a>\t<\/div>\n\t\t\t\t\t\t<\/div>\n\t\t\t\t\t\t\t\t\t<div class=\"sc_services_item_content\">\n\t\t\t\t\t<h4 class=\"sc_services_item_title\"><a href=\"https:\/\/feuerwehr-lutterbeck.de\/?services=jahreshauptversammlung-2024\">Jahreshauptversammlung 2024<\/a><\/h4>\n\t\t\t\t\t<div class=\"sc_services_item_description\">\n\t\t\t\t\t\t<p>Am 20. Januar fand die Jahreshauptversammlung der Freiwilligen Feuerwehr Lutterbeck statt. P\u00fcnktlich um 19:00 Uhr trafen sich die Mitglieder zum...<\/p><a href=\"https:\/\/feuerwehr-lutterbeck.de\/?services=jahreshauptversammlung-2024\" class=\"sc_services_item_readmore\">Learn more<span class=\"icon-right\"><\/span><\/a>\t\t\t\t\t<\/div>\n\t\t\t\t<\/div>\n\t\t\t<\/div>\n\t\t<\/div><div class=\"column-1_4 column_padding_bottom\">\t\t\t<div id=\"sc_services_1692121267_7\"\t\t\t\tclass=\"sc_services_item sc_services_item_7 odd\"\n\t\t\t\t>\n\t\t\t\t\t\t\t\t\t<div class=\"sc_services_item_featured post_featured\">\n\t\t\t\t\t\t\t<div class=\"post_thumb\" data-image=\"https:\/\/feuerwehr-lutterbeck.de\/wp-content\/uploads\/2023\/12\/2.png\" data-title=\"Neujahrsgrillen 2024\">\n\t<a class=\"hover_icon hover_icon_link\" href=\"https:\/\/feuerwehr-lutterbeck.de\/?services=neujahrsgrillen-2024\"><img class=\"wp-post-image\" width=\"390\" height=\"390\" alt=\"Neujahrsgrillen 2024\" src=\"https:\/\/feuerwehr-lutterbeck.de\/wp-content\/uploads\/2023\/12\/2-390x390.png\"><\/a>\t<\/div>\n\t\t\t\t\t\t<\/div>\n\t\t\t\t\t\t\t\t\t<div class=\"sc_services_item_content\">\n\t\t\t\t\t<h4 class=\"sc_services_item_title\"><a href=\"https:\/\/feuerwehr-lutterbeck.de\/?services=neujahrsgrillen-2024\">Neujahrsgrillen 2024<\/a><\/h4>\n\t\t\t\t\t<div class=\"sc_services_item_description\">\n\t\t\t\t\t\t<p>Neujahrsgrillen der Freiwilligen Feuerwehr Lutterbeck am 06. Januar ab 15 Uhr.<\/p><a href=\"https:\/\/feuerwehr-lutterbeck.de\/?services=neujahrsgrillen-2024\" class=\"sc_services_item_readmore\">Learn more<span class=\"icon-right\"><\/span><\/a>\t\t\t\t\t<\/div>\n\t\t\t\t<\/div>\n\t\t\t<\/div>\n\t\t<\/div><div class=\"column-1_4 column_padding_bottom\">\t\t\t<div id=\"sc_services_1692121267_8\"\t\t\t\tclass=\"sc_services_item sc_services_item_8 even\"\n\t\t\t\t>\n\t\t\t\t\t\t\t\t\t<div class=\"sc_services_item_featured post_featured\">\n\t\t\t\t\t\t\t<div class=\"post_thumb\" data-image=\"https:\/\/feuerwehr-lutterbeck.de\/wp-content\/uploads\/2015\/08\/ballot-black-and-white-black-and-white-1550337.jpg\" data-title=\"Jahreshauptversammlung 2023\">\n\t<a class=\"hover_icon hover_icon_link\" href=\"https:\/\/feuerwehr-lutterbeck.de\/?services=jahreshauptversammlung-2023\"><img class=\"wp-post-image\" width=\"390\" height=\"390\" alt=\"Jahreshauptversammlung 2023\" src=\"https:\/\/feuerwehr-lutterbeck.de\/wp-content\/uploads\/2015\/08\/ballot-black-and-white-black-and-white-1550337-390x390.jpg\"><\/a>\t<\/div>\n\t\t\t\t\t\t<\/div>\n\t\t\t\t\t\t\t\t\t<div class=\"sc_services_item_content\">\n\t\t\t\t\t<h4 class=\"sc_services_item_title\"><a href=\"https:\/\/feuerwehr-lutterbeck.de\/?services=jahreshauptversammlung-2023\">Jahreshauptversammlung 2023<\/a><\/h4>\n\t\t\t\t\t<div class=\"sc_services_item_description\">\n\t\t\t\t\t\t<p>hiermit l\u00e4dt das Kommando der Freiwilligen Feuerwehr Lutterbeck sowie der Vorstand\ndes Feuerwehrvereins Lutterbeck e.V alle Mitglieder zur...<\/p><a href=\"https:\/\/feuerwehr-lutterbeck.de\/?services=jahreshauptversammlung-2023\" class=\"sc_services_item_readmore\">Learn more<span class=\"icon-right\"><\/span><\/a>\t\t\t\t\t<\/div>\n\t\t\t\t<\/div>\n\t\t\t<\/div>\n\t\t<\/div><div class=\"column-1_4 column_padding_bottom\">\t\t\t<div id=\"sc_services_1692121267_9\"\t\t\t\tclass=\"sc_services_item sc_services_item_9 odd\"\n\t\t\t\t>\n\t\t\t\t\t\t\t\t\t<div class=\"sc_services_item_featured post_featured\">\n\t\t\t\t\t\t\t<div class=\"post_thumb\" data-image=\"https:\/\/feuerwehr-lutterbeck.de\/wp-content\/uploads\/2015\/08\/ballot-black-and-white-black-and-white-1550337.jpg\" data-title=\"Wahlveranstaltung 2022\">\n\t<a class=\"hover_icon hover_icon_link\" href=\"https:\/\/feuerwehr-lutterbeck.de\/?services=wahlveranstaltung-2022\"><img class=\"wp-post-image\" width=\"390\" height=\"390\" alt=\"Wahlveranstaltung 2022\" src=\"https:\/\/feuerwehr-lutterbeck.de\/wp-content\/uploads\/2015\/08\/ballot-black-and-white-black-and-white-1550337-390x390.jpg\"><\/a>\t<\/div>\n\t\t\t\t\t\t<\/div>\n\t\t\t\t\t\t\t\t\t<div class=\"sc_services_item_content\">\n\t\t\t\t\t<h4 class=\"sc_services_item_title\"><a href=\"https:\/\/feuerwehr-lutterbeck.de\/?services=wahlveranstaltung-2022\">Wahlveranstaltung 2022<\/a><\/h4>\n\t\t\t\t\t<div class=\"sc_services_item_description\">\n\t\t\t\t\t\t<p>hiermit l\u00e4dt das Kommando der Freiwilligen Feuerwehr Lutterbeck sowie der Vorstand des Feuerwehrvereins Lutterbeck e.V alle Mitglieder zur...<\/p><a href=\"https:\/\/feuerwehr-lutterbeck.de\/?services=wahlveranstaltung-2022\" class=\"sc_services_item_readmore\">Learn more<span class=\"icon-right\"><\/span><\/a>\t\t\t\t\t<\/div>\n\t\t\t\t<\/div>\n\t\t\t<\/div>\n\t\t<\/div><div class=\"column-1_4 column_padding_bottom\">\t\t\t<div id=\"sc_services_1692121267_10\"\t\t\t\tclass=\"sc_services_item sc_services_item_10 even\"\n\t\t\t\t>\n\t\t\t\t\t\t\t\t\t<div class=\"sc_services_item_featured post_featured\">\n\t\t\t\t\t\t\t<div class=\"post_thumb\" data-image=\"https:\/\/feuerwehr-lutterbeck.de\/wp-content\/uploads\/2022\/02\/impfen.jpg\" data-title=\"Impfm\u00f6glichkeit in Lutterbeck\">\n\t<a class=\"hover_icon hover_icon_link\" href=\"https:\/\/feuerwehr-lutterbeck.de\/?services=impfmoeglichkeit-in-lutterbeck\"><img class=\"wp-post-image\" width=\"390\" height=\"390\" alt=\"Impfm\u00f6glichkeit in Lutterbeck\" src=\"https:\/\/feuerwehr-lutterbeck.de\/wp-content\/uploads\/2022\/02\/impfen.jpg\"><\/a>\t<\/div>\n\t\t\t\t\t\t<\/div>\n\t\t\t\t\t\t\t\t\t<div class=\"sc_services_item_content\">\n\t\t\t\t\t<h4 class=\"sc_services_item_title\"><a href=\"https:\/\/feuerwehr-lutterbeck.de\/?services=impfmoeglichkeit-in-lutterbeck\">Impfm\u00f6glichkeit in Lutterbeck<\/a><\/h4>\n\t\t\t\t\t<div class=\"sc_services_item_description\">\n\t\t\t\t\t\t<p>Verimpft wird der Impfstoff von BioNTec\/Pfizer. Geimpft werden k\u00f6nnen alle Menschen ab 12 Jahren.\nUnter 18 Jahren nur in der Begleitung der...<\/p><a href=\"https:\/\/feuerwehr-lutterbeck.de\/?services=impfmoeglichkeit-in-lutterbeck\" class=\"sc_services_item_readmore\">Learn more<span class=\"icon-right\"><\/span><\/a>\t\t\t\t\t<\/div>\n\t\t\t\t<\/div>\n\t\t\t<\/div>\n\t\t<\/div><div class=\"column-1_4 column_padding_bottom\">\t\t\t<div id=\"sc_services_1692121267_11\"\t\t\t\tclass=\"sc_services_item sc_services_item_11 odd\"\n\t\t\t\t>\n\t\t\t\t\t\t\t\t\t<div class=\"sc_services_item_featured post_featured\">\n\t\t\t\t\t\t\t<div class=\"post_thumb\" data-image=\"https:\/\/feuerwehr-lutterbeck.de\/wp-content\/uploads\/2022\/02\/danke.jpg\" data-title=\"Es ist Zeit f\u00fcr ein gro\u00dfes Dankesch\u00f6n \u2026\">\n\t<a class=\"hover_icon hover_icon_link\" href=\"https:\/\/feuerwehr-lutterbeck.de\/?services=es-ist-zeit-fuer-ein-grosses-dankeschoen\"><img class=\"wp-post-image\" width=\"390\" height=\"390\" alt=\"Es ist Zeit f\u00fcr ein gro\u00dfes Dankesch\u00f6n \u2026\" src=\"https:\/\/feuerwehr-lutterbeck.de\/wp-content\/uploads\/2022\/02\/danke.jpg\"><\/a>\t<\/div>\n\t\t\t\t\t\t<\/div>\n\t\t\t\t\t\t\t\t\t<div class=\"sc_services_item_content\">\n\t\t\t\t\t<h4 class=\"sc_services_item_title\"><a href=\"https:\/\/feuerwehr-lutterbeck.de\/?services=es-ist-zeit-fuer-ein-grosses-dankeschoen\">Es ist Zeit f\u00fcr ein gro\u00dfes Dankesch\u00f6n \u2026<\/a><\/h4>\n\t\t\t\t\t<div class=\"sc_services_item_description\">\n\t\t\t\t\t\t<p>Dankesch\u00f6n an alle Unterst\u00fctzer unserer Wehr.\nDankesch\u00f6n an alle Helfer, die bei unserem Hallenumbau geholfen haben.\nDankesch\u00f6n an alle Aktiven...<\/p><a href=\"https:\/\/feuerwehr-lutterbeck.de\/?services=es-ist-zeit-fuer-ein-grosses-dankeschoen\" class=\"sc_services_item_readmore\">Learn more<span class=\"icon-right\"><\/span><\/a>\t\t\t\t\t<\/div>\n\t\t\t\t<\/div>\n\t\t\t<\/div>\n\t\t<\/div><div class=\"column-1_4 column_padding_bottom\">\t\t\t<div id=\"sc_services_1692121267_12\"\t\t\t\tclass=\"sc_services_item sc_services_item_12 even\"\n\t\t\t\t>\n\t\t\t\t\t\t\t\t\t<div class=\"sc_services_item_featured post_featured\">\n\t\t\t\t\t\t\t<div class=\"post_thumb\" data-image=\"https:\/\/feuerwehr-lutterbeck.de\/wp-content\/uploads\/2022\/02\/jhv.jpg\" data-title=\"Jahreshauptversammlungen in Lutterbeck\">\n\t<a class=\"hover_icon hover_icon_link\" href=\"https:\/\/feuerwehr-lutterbeck.de\/?services=jahreshauptversammlungen-in-lutterbeck\"><img class=\"wp-post-image\" width=\"390\" height=\"390\" alt=\"Jahreshauptversammlungen in Lutterbeck\" src=\"https:\/\/feuerwehr-lutterbeck.de\/wp-content\/uploads\/2022\/02\/jhv.jpg\"><\/a>\t<\/div>\n\t\t\t\t\t\t<\/div>\n\t\t\t\t\t\t\t\t\t<div class=\"sc_services_item_content\">\n\t\t\t\t\t<h4 class=\"sc_services_item_title\"><a href=\"https:\/\/feuerwehr-lutterbeck.de\/?services=jahreshauptversammlungen-in-lutterbeck\">Jahreshauptversammlungen in Lutterbeck<\/a><\/h4>\n\t\t\t\t\t<div class=\"sc_services_item_description\">\n\t\t\t\t\t\t<p>Bereits am 23. Oktober fanden die Jahreshauptversammlungen der Feuerwehr Lutterbeck, sowie des Feuerwehrvereins Lutterbeck e.V. statt.\nBeide...<\/p><a href=\"https:\/\/feuerwehr-lutterbeck.de\/?services=jahreshauptversammlungen-in-lutterbeck\" class=\"sc_services_item_readmore\">Learn more<span class=\"icon-right\"><\/span><\/a>\t\t\t\t\t<\/div>\n\t\t\t\t<\/div>\n\t\t\t<\/div>\n\t\t<\/div><div class=\"column-1_4 column_padding_bottom\">\t\t\t<div id=\"sc_services_1692121267_13\"\t\t\t\tclass=\"sc_services_item sc_services_item_13 odd\"\n\t\t\t\t>\n\t\t\t\t\t\t\t\t\t<div class=\"sc_services_item_featured post_featured\">\n\t\t\t\t\t\t\t<div class=\"post_thumb\" data-image=\"https:\/\/feuerwehr-lutterbeck.de\/wp-content\/uploads\/2022\/02\/aed.jpg\" data-title=\"AED (Automatisierter Externer Defibrillator) nun auch in Lutterbeck\">\n\t<a class=\"hover_icon hover_icon_link\" href=\"https:\/\/feuerwehr-lutterbeck.de\/?services=aed-automatisierter-externer-defibrillator-nun-auch-in-lutterbeck\"><img class=\"wp-post-image\" width=\"390\" height=\"390\" alt=\"AED (Automatisierter Externer Defibrillator) nun auch in Lutterbeck\" src=\"https:\/\/feuerwehr-lutterbeck.de\/wp-content\/uploads\/2022\/02\/aed.jpg\"><\/a>\t<\/div>\n\t\t\t\t\t\t<\/div>\n\t\t\t\t\t\t\t\t\t<div class=\"sc_services_item_content\">\n\t\t\t\t\t<h4 class=\"sc_services_item_title\"><a href=\"https:\/\/feuerwehr-lutterbeck.de\/?services=aed-automatisierter-externer-defibrillator-nun-auch-in-lutterbeck\">AED (Automatisierter Externer Defibrillator) nun auch in Lutterbeck<\/a><\/h4>\n\t\t\t\t\t<div class=\"sc_services_item_description\">\n\t\t\t\t\t\t<p>In den letzten Monaten konnte der Feuerwehrverein Lutterbeck e.V. durch 21 Spender einen AED inkl. Au\u00dfenwandkasten beschaffen.\nDie Abk\u00fcrzung AED...<\/p><a href=\"https:\/\/feuerwehr-lutterbeck.de\/?services=aed-automatisierter-externer-defibrillator-nun-auch-in-lutterbeck\" class=\"sc_services_item_readmore\">Learn more<span class=\"icon-right\"><\/span><\/a>\t\t\t\t\t<\/div>\n\t\t\t\t<\/div>\n\t\t\t<\/div>\n\t\t<\/div><div class=\"column-1_4 column_padding_bottom\">\t\t\t<div id=\"sc_services_1692121267_14\"\t\t\t\tclass=\"sc_services_item sc_services_item_14 even\"\n\t\t\t\t>\n\t\t\t\t\t\t\t\t\t<div class=\"sc_services_item_featured post_featured\">\n\t\t\t\t\t\t\t<div class=\"post_thumb\" data-image=\"https:\/\/feuerwehr-lutterbeck.de\/wp-content\/uploads\/2022\/02\/weihnachten1.jpg\" data-title=\"Weihnachtsmann besuchte Kinderfeuerwehr-Kids\">\n\t<a class=\"hover_icon hover_icon_link\" href=\"https:\/\/feuerwehr-lutterbeck.de\/?services=weihnachtsmann-besuchte-kinderfeuerwehr-kids\"><img class=\"wp-post-image\" width=\"390\" height=\"390\" alt=\"Weihnachtsmann besuchte Kinderfeuerwehr-Kids\" src=\"https:\/\/feuerwehr-lutterbeck.de\/wp-content\/uploads\/2022\/02\/weihnachten1.jpg\"><\/a>\t<\/div>\n\t\t\t\t\t\t<\/div>\n\t\t\t\t\t\t\t\t\t<div class=\"sc_services_item_content\">\n\t\t\t\t\t<h4 class=\"sc_services_item_title\"><a href=\"https:\/\/feuerwehr-lutterbeck.de\/?services=weihnachtsmann-besuchte-kinderfeuerwehr-kids\">Weihnachtsmann besuchte Kinderfeuerwehr-Kids<\/a><\/h4>\n\t\t\t\t\t<div class=\"sc_services_item_description\">\n\t\t\t\t\t\t<p>Kurz vor Weihnachten bekamen die 18 Kids der Kinderfeuerwehr Lutterbeck Besuch vom Weihnachtsmann und seinem Gefolge.\nDiese sind mit dem...<\/p><a href=\"https:\/\/feuerwehr-lutterbeck.de\/?services=weihnachtsmann-besuchte-kinderfeuerwehr-kids\" class=\"sc_services_item_readmore\">Learn more<span class=\"icon-right\"><\/span><\/a>\t\t\t\t\t<\/div>\n\t\t\t\t<\/div>\n\t\t\t<\/div>\n\t\t<\/div><div class=\"column-1_4 column_padding_bottom\">\t\t\t<div id=\"sc_services_1692121267_15\"\t\t\t\tclass=\"sc_services_item sc_services_item_15 odd\"\n\t\t\t\t>\n\t\t\t\t\t\t\t\t\t<div class=\"sc_services_item_featured post_featured\">\n\t\t\t\t\t\t\t<div class=\"post_thumb\" data-image=\"https:\/\/feuerwehr-lutterbeck.de\/wp-content\/uploads\/2021\/10\/AED.jpg\" data-title=\"Spendenaktion &#8222;AED&#8220; Lutterbeck\">\n\t<a class=\"hover_icon hover_icon_link\" href=\"https:\/\/feuerwehr-lutterbeck.de\/?services=spendenaktion-aed-lutterbeck\"><img class=\"wp-post-image\" width=\"390\" height=\"315\" alt=\"Spendenaktion &#8222;AED&#8220; Lutterbeck\" src=\"https:\/\/feuerwehr-lutterbeck.de\/wp-content\/uploads\/2021\/10\/AED-390x315.jpg\"><\/a>\t<\/div>\n\t\t\t\t\t\t<\/div>\n\t\t\t\t\t\t\t\t\t<div class=\"sc_services_item_content\">\n\t\t\t\t\t<h4 class=\"sc_services_item_title\"><a href=\"https:\/\/feuerwehr-lutterbeck.de\/?services=spendenaktion-aed-lutterbeck\">Spendenaktion &#8222;AED&#8220; Lutterbeck<\/a><\/h4>\n\t\t\t\t\t<div class=\"sc_services_item_description\">\n\t\t\t\t\t\t<p>Wir m\u00f6chten f\u00fcr unsere Einwohner, Besucher des Dorfgemeinschaftshauses usw. gerne an unserem Feuerwehrger\u00e4tehaus einen AED (Defibrillator)...<\/p><a href=\"https:\/\/feuerwehr-lutterbeck.de\/?services=spendenaktion-aed-lutterbeck\" class=\"sc_services_item_readmore\">Learn more<span class=\"icon-right\"><\/span><\/a>\t\t\t\t\t<\/div>\n\t\t\t\t<\/div>\n\t\t\t<\/div>\n\t\t<\/div><div class=\"column-1_4 column_padding_bottom\">\t\t\t<div id=\"sc_services_1692121267_16\"\t\t\t\tclass=\"sc_services_item sc_services_item_16 even\"\n\t\t\t\t>\n\t\t\t\t\t\t\t\t\t<div class=\"sc_services_item_featured post_featured\">\n\t\t\t\t\t\t\t<div class=\"post_thumb\" data-image=\"https:\/\/feuerwehr-lutterbeck.de\/wp-content\/uploads\/2021\/04\/live2.jpg\" data-title=\"LIVETICKER Wahlen zum Kommando\">\n\t<a class=\"hover_icon hover_icon_link\" href=\"https:\/\/feuerwehr-lutterbeck.de\/?services=liveticker-wahlen-zum-kommando\"><img class=\"wp-post-image\" width=\"390\" height=\"267\" alt=\"LIVETICKER Wahlen zum Kommando\" src=\"https:\/\/feuerwehr-lutterbeck.de\/wp-content\/uploads\/2021\/04\/live2-390x267.jpg\"><\/a>\t<\/div>\n\t\t\t\t\t\t<\/div>\n\t\t\t\t\t\t\t\t\t<div class=\"sc_services_item_content\">\n\t\t\t\t\t<h4 class=\"sc_services_item_title\"><a href=\"https:\/\/feuerwehr-lutterbeck.de\/?services=liveticker-wahlen-zum-kommando\">LIVETICKER Wahlen zum Kommando<\/a><\/h4>\n\t\t\t\t\t<div class=\"sc_services_item_description\">\n\t\t\t\t\t\t<p>leider konnten wir, aufgrund der noch immer anhaltenden Corona-Pandemie, keine Jahreshauptversammlung durchf\u00fchren. Dies wird anscheinend noch...<\/p><a href=\"https:\/\/feuerwehr-lutterbeck.de\/?services=liveticker-wahlen-zum-kommando\" class=\"sc_services_item_readmore\">Learn more<span class=\"icon-right\"><\/span><\/a>\t\t\t\t\t<\/div>\n\t\t\t\t<\/div>\n\t\t\t<\/div>\n\t\t<\/div><\/div><\/div><!-- \/.sc_services --><\/div><!-- \/.sc_services_wrap -->[\/vc_column][\/vc_row]<\/p>\n<\/section>","protected":false},"excerpt":{"rendered":"<p>[vc_row][vc_column][vc_column_text css=&#8220;.vc_custom_1572352120393{margin-bottom: 40px !important;}&#8220;] NEWS [\/vc_column_text][\/vc_column][\/vc_row][vc_row][vc_column][\/vc_column][\/vc_row]<\/p>\n","protected":false},"author":1,"featured_media":0,"parent":0,"menu_order":0,"comment_status":"closed","ping_status":"closed","template":"","meta":[],"_links":{"self":[{"href":"https:\/\/feuerwehr-lutterbeck.de\/index.php?rest_route=\/wp\/v2\/pages\/2456"}],"collection":[{"href":"https:\/\/feuerwehr-lutterbeck.de\/index.php?rest_route=\/wp\/v2\/pages"}],"about":[{"href":"https:\/\/feuerwehr-lutterbeck.de\/index.php?rest_route=\/wp\/v2\/types\/page"}],"author":[{"embeddable":true,"href":"https:\/\/feuerwehr-lutterbeck.de\/index.php?rest_route=\/wp\/v2\/users\/1"}],"replies":[{"embeddable":true,"href":"https:\/\/feuerwehr-lutterbeck.de\/index.php?rest_route=%2Fwp%2Fv2%2Fcomments&post=2456"}],"version-history":[{"count":3,"href":"https:\/\/feuerwehr-lutterbeck.de\/index.php?rest_route=\/wp\/v2\/pages\/2456\/revisions"}],"predecessor-version":[{"id":2541,"href":"https:\/\/feuerwehr-lutterbeck.de\/index.php?rest_route=\/wp\/v2\/pages\/2456\/revisions\/2541"}],"wp:attachment":[{"href":"https:\/\/feuerwehr-lutterbeck.de\/index.php?rest_route=%2Fwp%2Fv2%2Fmedia&parent=2456"}],"curies":[{"name":"wp","href":"https:\/\/api.w.org\/{rel}","templated":true}]}}