{"id":2507,"date":"2019-10-11T10:06:36","date_gmt":"2019-10-11T10:06:36","guid":{"rendered":"http:\/\/neu.rh1704.feuerwehr-lutterbeck.de\/?page_id=2507"},"modified":"2019-11-08T16:47:08","modified_gmt":"2019-11-08T16:47:08","slug":"about-us-2-3","status":"publish","type":"page","link":"http:\/\/feuerwehr-lutterbeck.de\/?page_id=2507","title":{"rendered":"Kinderfeuerwehr"},"content":{"rendered":"<section class=\"wpb-content-wrapper\"><p>[vc_row][vc_column]<h1 class=\"sc_title sc_title_regular\"><\/p>\n<h2>Nachwuchsretter<\/h2>\n<p><\/h1>[\/vc_column][\/vc_row][vc_row][vc_column]<div class=\"columns_wrap sc_columns columns_nofluid sc_columns_count_2\"><div class=\"column-1_2 sc_column_item sc_column_item_1 odd first\">[vc_column_text]<\/p>\n<h4 style=\"text-align: left;\"><b>Kinderfeuerwehr Lutterbeck<\/b><\/h4>\n<p>Am 1. Januar startete ein ganz neuer Schritt f\u00fcr die Stadtfeuerwehr Moringen. Seit diesem Tag gibt es die Kinderfeuerwehr Lutterbeck. Derzeit besteht die &#8222;Kinderfeuerwehr Lutterbeck&#8220; aus 18 Kindern, aus 4 Ortschaften (1 x Nienhagen, 2 x Moringen, 4 x Fredelsloh, 13 x Lutterbeck). Auf diesen Zuwachs sind wir sehr stolz.<\/p>\n<p>Als Kinderfeuerwehrwartin konnte Melanie Pf\u00fcller-Hardies gewonnen werden. Desweiteren werden die Kinder von Marcus Pf\u00fcller und\u00a0 Nick Hardies betreut.<br \/>\nErste &#8222;Dienste&#8220; sind auch schon gelaufen. Im letzten Jahr (2011) wurden schon 2 Schnupperdienste durchgef\u00fchrt. Hier lernten die Kinder was die Feuerwehr f\u00fcr Aufgaben hat und wie der Notruf abgesetzt wird. Im Januar fuhren die Kinder zur Leitstelle nach Northeium, um zu sehen, wer den Notruf entgegen nimmt. Da sich die Gruppe aufteilte, konnte die Wache der Northeimer Wehr ebenfalls besichtigt werden.<\/p>\n<p>Die offizielle Gr\u00fcndungsfeier unserer Kinderfeuerwehr wurde am 11. M\u00e4rz bei uns in Lutterbeck nachgeholt. Ein gro\u00dfes &#8222;Dankesch\u00f6n&#8220; f\u00fcr die Gl\u00fcckw\u00fcnsche, Gru\u00dfworte un Spenden. Durch die Unterst\u00fczung des Feuerwehrvereins konnten wir schneller als erwartet, die neue Kleidung f\u00fcr unsere Kid&#8217;s anschaffen.[\/vc_column_text]<\/div><div class=\"column-1_2 sc_column_item sc_column_item_2 even\">[vc_gallery interval=&#8220;3&#8243; images=&#8220;2509,2510,2511,2512,2513&#8243; img_size=&#8220;medium&#8220;]<\/div><\/div>[\/vc_column][\/vc_row][vc_row][vc_column][vc_separator color=&#8220;sandy_brown&#8220; border_width=&#8220;2&#8243; css=&#8220;.vc_custom_1570789167388{margin-top: 40px !important;margin-bottom: 50px !important;}&#8220;][\/vc_column][\/vc_row]<\/p>\n<\/section>","protected":false},"excerpt":{"rendered":"<p>[vc_row][vc_column][\/vc_column][\/vc_row][vc_row][vc_column][\/vc_column][\/vc_row][vc_row][vc_column][vc_separator color=&#8220;sandy_brown&#8220; border_width=&#8220;2&#8243; css=&#8220;.vc_custom_1570789167388{margin-top: 40px !important;margin-bottom: 50px !important;}&#8220;][\/vc_column][\/vc_row]<\/p>\n","protected":false},"author":1,"featured_media":0,"parent":0,"menu_order":0,"comment_status":"closed","ping_status":"closed","template":"","meta":[],"_links":{"self":[{"href":"http:\/\/feuerwehr-lutterbeck.de\/index.php?rest_route=\/wp\/v2\/pages\/2507"}],"collection":[{"href":"http:\/\/feuerwehr-lutterbeck.de\/index.php?rest_route=\/wp\/v2\/pages"}],"about":[{"href":"http:\/\/feuerwehr-lutterbeck.de\/index.php?rest_route=\/wp\/v2\/types\/page"}],"author":[{"embeddable":true,"href":"http:\/\/feuerwehr-lutterbeck.de\/index.php?rest_route=\/wp\/v2\/users\/1"}],"replies":[{"embeddable":true,"href":"http:\/\/feuerwehr-lutterbeck.de\/index.php?rest_route=%2Fwp%2Fv2%2Fcomments&post=2507"}],"version-history":[{"count":5,"href":"http:\/\/feuerwehr-lutterbeck.de\/index.php?rest_route=\/wp\/v2\/pages\/2507\/revisions"}],"predecessor-version":[{"id":2544,"href":"http:\/\/feuerwehr-lutterbeck.de\/index.php?rest_route=\/wp\/v2\/pages\/2507\/revisions\/2544"}],"wp:attachment":[{"href":"http:\/\/feuerwehr-lutterbeck.de\/index.php?rest_route=%2Fwp%2Fv2%2Fmedia&parent=2507"}],"curies":[{"name":"wp","href":"https:\/\/api.w.org\/{rel}","templated":true}]}}