{"id":2497,"date":"2019-10-11T09:22:54","date_gmt":"2019-10-11T09:22:54","guid":{"rendered":"http:\/\/neu.rh1704.feuerwehr-lutterbeck.de\/?page_id=2497"},"modified":"2019-10-11T09:44:56","modified_gmt":"2019-10-11T09:44:56","slug":"about-us-2-2","status":"publish","type":"page","link":"http:\/\/feuerwehr-lutterbeck.de\/?page_id=2497","title":{"rendered":"Geschichte"},"content":{"rendered":"<section class=\"wpb-content-wrapper\"><p>[vc_row][vc_column]<h1 class=\"sc_title sc_title_regular\">Geschichte<\/h1>[vc_tta_tour active_section=&#8220;1&#8243;][vc_tta_section title=&#8220;Ger\u00e4tehaus im Wandel der Zeit&#8220; tab_id=&#8220;1570785862205-cd45d3e9-dce1&#8243;][vc_column_text]<em><strong>Da<\/strong><\/em><img decoding=\"async\" loading=\"lazy\" class=\"size-medium wp-image-2499 alignleft\" src=\"http:\/\/neu.rh1704.feuerwehr-lutterbeck.de\/wp-content\/uploads\/2019\/10\/Geraetehaus-300x202.jpg\" alt=\"\" width=\"300\" height=\"202\" srcset=\"http:\/\/feuerwehr-lutterbeck.de\/wp-content\/uploads\/2019\/10\/Geraetehaus-300x202.jpg 300w, http:\/\/feuerwehr-lutterbeck.de\/wp-content\/uploads\/2019\/10\/Geraetehaus.jpg 320w\" sizes=\"(max-width: 300px) 100vw, 300px\" \/><em><strong>s 1. Bild<\/strong><\/em> zeigt das Feuerwehrger\u00e4tehaus bei der \u00dcbergabe an die Wehr am 15. September 1973. Davor zu sehen sind die alte Schlauchkarre (wird heute bei festen teilweise noch mitgenommen), ein TSA und das ehemalige TLF 8 auf Unimog (Bundfahrzeug). <em><strong>Auf dem 2. Bild<\/strong><\/em> sehen wir unser ehemaliges TSF und das LF 8. Leider gab es f\u00fcr das TLF 8 nach Aufl\u00f6sung der <img decoding=\"async\" loading=\"lazy\" class=\"size-medium wp-image-2501 alignright\" src=\"http:\/\/neu.rh1704.feuerwehr-lutterbeck.de\/wp-content\/uploads\/2019\/10\/TLF_TSF-300x199.jpg\" alt=\"\" width=\"300\" height=\"199\" srcset=\"http:\/\/feuerwehr-lutterbeck.de\/wp-content\/uploads\/2019\/10\/TLF_TSF-300x199.jpg 300w, http:\/\/feuerwehr-lutterbeck.de\/wp-content\/uploads\/2019\/10\/TLF_TSF.jpg 448w\" sizes=\"(max-width: 300px) 100vw, 300px\" \/>Bereitschaft keine Ersatzbeschaffung. Der TSA wurde durch ein TSF auf VW LT 28 ersetzt. F\u00fcr das TSF folgte 2010 ein gebrauchtes TSF-W auf VW LT 50 mit einem 500 Liter Wassertank.. Die Ortswehr war bis zur Aufl\u00f6sung der Feuerwehrbereitschaft 3 des Landkreises mit in der Bereitschaft und war auch beim Heidebrand mit im Einsatz. <em><strong>Bild 4 <\/strong><\/em>zeigt das Feuerwehrger\u00e4tehaus\u00a0 wie es bis heute nach der Renovierung im Jahr 2010 aussieht.<\/p>\n<p><img decoding=\"async\" loading=\"lazy\" class=\"alignnone size-medium wp-image-2500\" src=\"http:\/\/neu.rh1704.feuerwehr-lutterbeck.de\/wp-content\/uploads\/2019\/10\/HAUS-300x201.jpg\" alt=\"\" width=\"300\" height=\"201\" srcset=\"http:\/\/feuerwehr-lutterbeck.de\/wp-content\/uploads\/2019\/10\/HAUS-300x201.jpg 300w, http:\/\/feuerwehr-lutterbeck.de\/wp-content\/uploads\/2019\/10\/HAUS.jpg 325w\" sizes=\"(max-width: 300px) 100vw, 300px\" \/><img decoding=\"async\" loading=\"lazy\" class=\"alignnone wp-image-2502\" src=\"http:\/\/neu.rh1704.feuerwehr-lutterbeck.de\/wp-content\/uploads\/2019\/10\/umb1-300x225.jpg\" alt=\"\" width=\"269\" height=\"201\" srcset=\"http:\/\/feuerwehr-lutterbeck.de\/wp-content\/uploads\/2019\/10\/umb1-300x225.jpg 300w, http:\/\/feuerwehr-lutterbeck.de\/wp-content\/uploads\/2019\/10\/umb1.jpg 314w\" sizes=\"(max-width: 269px) 100vw, 269px\" \/>[\/vc_column_text][\/vc_tta_section][vc_tta_section title=&#8220;Der Schlauchturm&#8220; tab_id=&#8220;1570785862205-18496989-3dc0&#8243;][vc_column_text]<\/p>\n<p style=\"text-align: left;\">Der alte Schlauchturm damals und heute. Er wird derzeit als Ger\u00e4te- und Abstellraum genutzt. Auch k\u00f6nnen hier noch Schl\u00e4uche zum Trocknen aufgeh\u00e4ngt werden. \u00dcber der T\u00fcr steht der Leitspruch &#8222;Gott zur Ehr, dem N\u00e4chsten zur Wehr&#8220;.<\/p>\n<p><img decoding=\"async\" loading=\"lazy\" class=\"alignnone size-full wp-image-2503\" src=\"http:\/\/neu.rh1704.feuerwehr-lutterbeck.de\/wp-content\/uploads\/2019\/10\/Ates_Spritzenhaus.jpg\" alt=\"\" width=\"229\" height=\"247\" \/><img decoding=\"async\" loading=\"lazy\" class=\"alignnone wp-image-2504\" src=\"http:\/\/neu.rh1704.feuerwehr-lutterbeck.de\/wp-content\/uploads\/2019\/10\/CIMG0996-200x300.jpg\" alt=\"\" width=\"164\" height=\"247\" srcset=\"http:\/\/feuerwehr-lutterbeck.de\/wp-content\/uploads\/2019\/10\/CIMG0996-200x300.jpg 200w, http:\/\/feuerwehr-lutterbeck.de\/wp-content\/uploads\/2019\/10\/CIMG0996.jpg 209w\" sizes=\"(max-width: 164px) 100vw, 164px\" \/>[\/vc_column_text][\/vc_tta_section][\/vc_tta_tour][\/vc_column][\/vc_row][vc_row][vc_column][vc_separator color=&#8220;sandy_brown&#8220; border_width=&#8220;2&#8243; css=&#8220;.vc_custom_1570543106897{margin-top: 40px !important;margin-bottom: 20px !important;}&#8220;][\/vc_column][\/vc_row]<\/p>\n<\/section>","protected":false},"excerpt":{"rendered":"<p>[vc_row][vc_column][vc_tta_tour active_section=&#8220;1&#8243;][vc_tta_section title=&#8220;Ger\u00e4tehaus im Wandel der Zeit&#8220; tab_id=&#8220;1570785862205-cd45d3e9-dce1&#8243;][vc_column_text]Das 1. Bild zeigt das Feuerwehrger\u00e4tehaus bei der \u00dcbergabe an die Wehr am 15. September 1973. Davor zu sehen sind die alte Schlauchkarre [&hellip;]<\/p>\n","protected":false},"author":1,"featured_media":0,"parent":0,"menu_order":0,"comment_status":"closed","ping_status":"closed","template":"","meta":[],"_links":{"self":[{"href":"http:\/\/feuerwehr-lutterbeck.de\/index.php?rest_route=\/wp\/v2\/pages\/2497"}],"collection":[{"href":"http:\/\/feuerwehr-lutterbeck.de\/index.php?rest_route=\/wp\/v2\/pages"}],"about":[{"href":"http:\/\/feuerwehr-lutterbeck.de\/index.php?rest_route=\/wp\/v2\/types\/page"}],"author":[{"embeddable":true,"href":"http:\/\/feuerwehr-lutterbeck.de\/index.php?rest_route=\/wp\/v2\/users\/1"}],"replies":[{"embeddable":true,"href":"http:\/\/feuerwehr-lutterbeck.de\/index.php?rest_route=%2Fwp%2Fv2%2Fcomments&post=2497"}],"version-history":[{"count":2,"href":"http:\/\/feuerwehr-lutterbeck.de\/index.php?rest_route=\/wp\/v2\/pages\/2497\/revisions"}],"predecessor-version":[{"id":2505,"href":"http:\/\/feuerwehr-lutterbeck.de\/index.php?rest_route=\/wp\/v2\/pages\/2497\/revisions\/2505"}],"wp:attachment":[{"href":"http:\/\/feuerwehr-lutterbeck.de\/index.php?rest_route=%2Fwp%2Fv2%2Fmedia&parent=2497"}],"curies":[{"name":"wp","href":"https:\/\/api.w.org\/{rel}","templated":true}]}}