{"id":2332,"date":"2019-04-12T15:33:13","date_gmt":"2019-04-12T15:33:13","guid":{"rendered":"http:\/\/neu.rh1704.feuerwehr-lutterbeck.de\/?page_id=2332"},"modified":"2019-10-08T13:59:07","modified_gmt":"2019-10-08T13:59:07","slug":"about-us-2","status":"publish","type":"page","link":"http:\/\/feuerwehr-lutterbeck.de\/?page_id=2332","title":{"rendered":"Chronik"},"content":{"rendered":"<section class=\"wpb-content-wrapper\"><p>[vc_row][vc_column]<h1 class=\"sc_title sc_title_regular\">Chronik<\/h1>[\/vc_column][\/vc_row][vc_row][vc_column]<div class=\"columns_wrap sc_columns columns_nofluid sc_columns_count_2\"><div class=\"column-1_2 sc_column_item sc_column_item_1 odd first\">[vc_column_text]<\/p>\n<blockquote>\n<p><b>\u201c GOTT ZUR EHR; DEM N\u00c4CHSTEN ZUR WEHR\u201d<\/b><\/p>\n<\/blockquote>\n<p>unter diesem Wahlspruch trafen sich am 29. M\u00e4rz 1903 in der \u201cHartmann`schen Wirtschaft\u201d zu Lutterbeck 36 B\u00fcrger, um selbstlose Hilfsbereitschaft und Pflichttreue den \u00fcbrigen Einwohnern zum Ausdruck zu bringen. Mit dieser Gr\u00fcndungsversammlung war auch gleichzeitig die protokollarische \u00dcbergabe einer Handdruckspritze durch die Gemeinde verbunden.Neben der Pflichtfeuerwehr gab es nun auch eine Freiwillige Feuerwehr. F\u00fcr beide galt die gleiche Satzung und zwar die des \u201cK\u00f6niglichen Ober-Pr\u00e4sidenten zu Hannover\u201c.<\/p>\n<p>Diese Satzung verlangte ein so genanntes Ehrengericht, unter anderem auch Strafgelder. Sie wurde zwischenzeitlich durch eine neue ersetzt. Damals \u00fcbernahm Kamerad Ebert die F\u00fchrung, der im Jahre 1907 von Wilhelm D\u00f6rnte abgel\u00f6st wurde.<\/p>\n<p>Neben der zu erf\u00fcllenden Pflicht kam allerdings auch der gesellige Teil von Anfang an nie zu kurz. So feierte man beispielsweise 1907 den Geburtstag seiner Majest\u00e4t, des Kaisers.<\/p>\n<p>Bis etwa 1913 existierte sogar eine Musikkapelle, die sich <b>\u201cLUTTERBECKER BERGKAPELLE \u201c<\/b> nannte und zu so manchen Anl\u00e4ssen kostenlos aufspielte.<br \/>\nDie Zahl der Mitglieder nahm in den folgenden Jahren st\u00e4ndig zu, so dass die Pflichtfeuerwehr aufgel\u00f6st werden konnte. Infolge der Kriegsereignisse \u00fcbernahm Kamerad M\u00fcller stellvertretend die F\u00fchrung der Wehr vom Januar 1916 bis Mitte 1919.<\/p>\n<p>1928 wurde von der hiesigen Wehr das 25-j\u00e4hrige Bestehen gefeiert. Hierzu konnte der Kreisverbandstag nach Lutterbeck geladen werden.<\/p>\n<p>Auf dieser Tagung wurde die Sterbekasse des Kreisfeuerwehrverbandes Northeim aus der Taufe gehoben.<\/p>\n<p>Am 15. Dezember 1934 \u00fcbernahm Kamerad August D\u00fcvel das Kommando, innerhalb der Wehr waren dann des \u00d6fteren durch den zweiten Weltkrieg Umbesetzungen erforderlich.[\/vc_column_text]<\/div><div class=\"column-1_2 sc_column_item sc_column_item_2 even\">[vc_column_text]Auch sonst waren oft Schwierigkeiten zu \u00fcberwinden. So mu\u00dften 1939 zum Beispiel \u00e4ltere Mitglieder, obwohl noch aktiv, ihre R\u00f6cke J\u00fcngeren \u00fcberlassen, damit diese richtig eingekleidet waren, da sie naturgem\u00e4\u00df mehr \u00fcbten und an Wettk\u00e4mpfen teilnahmen.<\/p>\n<p>Auf Vorschlag der Ortspolizei wurde anno 1943 der Kamerad Albert Schoppe kommissarischer Wehrf\u00fchrer, als der Kamerad August D\u00fcvel pl\u00f6tzlich verstarb.<\/p>\n<p>Albert Schoppe legte am 28. Februar 1948 sein Amt nieder, es wurde Kamerad August Nienstedt als Nachfolger vorgeschlagen und auch als Gemeindebrandmeister gew\u00e4hlt.<br \/>\n1953 wurde das 50-j\u00e4hrige Fest wiederum auf dem Hof der<br \/>\n\u201c Hartmann`schen Wirtschaft \u201c gefeiert. Es war ein Erlebnis, nicht nur f\u00fcr die Einwohner von Lutterbeck.<\/p>\n<p>Am 4. September 1959 wurde der Wehr nach z\u00e4hem Ringen des Gemeindebrandmeisters August Nienstedt mit der Gemeinde, eine TS 8\/8 VW Bachert-Automatik-Tragkraftspritze im Wert von 4095,- DM zur Verf\u00fcgung gestellt, wodurch eine wesentliche Steigerung der Schlagkraft erreicht wurde.<\/p>\n<p>In den Jahren 1967\/68 wurde sogar eine Jugendgruppe aufgestellt, deren F\u00fchrung der Kamerad Herbert Rohmeier \u00fcbernahm. Diese mu\u00dfte aber aufgrund von Nachwuchsmangel sp\u00e4ter aufgel\u00f6st werden.<\/p>\n<p>1973, zum 70-j\u00e4hrigen Bestehen, wurde uns von der hiesigen Gemeinde Lutterbeck ein neues Feuerwehrhaus \u00fcbergeben. Dieses war in Eigenleistung von Mitgliedern und Nichtmitgliedern der Feuerwehr in 2144 Arbeitsstunden und ca. 50 Treckerstunden erbaut worden.<\/p>\n<p>Zur Einweihung unseres Feuerwehrhauses bekamen wir von der Kreisfeuerwehrbereitschaft des Landkreises ein Tankl\u00f6schfahrzeug, ein TLF 8 Marke Unimog, zur Verf\u00fcgung gestellt, welches bei uns bis Ende der 80er Jahre einen neuen Standort fand.<\/p>\n<p>Einige Kameraden waren mit diesem TLF im Jahre 1975 auch zum Heidebrand im Einsatz.<\/p>\n<p>Am 23.\/24. Dezember des Jahres 1973 brannte die Scheune des Landwirtschaftlichen Anwesens G\u00fcnter Sehlen nieder. Bei der Bek\u00e4mpfung dieses Gro\u00dfbrandes wurden wir von der Moringer Wehr unterst\u00fctzt.<\/p>\n<p>&nbsp;[\/vc_column_text]<\/div><\/div>[\/vc_column][\/vc_row][vc_row][vc_column][vc_separator color=&#8220;sandy_brown&#8220; border_width=&#8220;2&#8243;][\/vc_column][\/vc_row][vc_row][vc_column][vc_images_carousel images=&#8220;2404,2405,2406&#8243; img_size=&#8220;full&#8220; autoplay=&#8220;yes&#8220; css=&#8220;.vc_custom_1570543015285{margin-top: 20px !important;}&#8220;][\/vc_column][\/vc_row][vc_row][vc_column][vc_separator color=&#8220;sandy_brown&#8220; border_width=&#8220;2&#8243; css=&#8220;.vc_custom_1570543039459{margin-top: 20px !important;}&#8220;][\/vc_column][\/vc_row][vc_row][vc_column css=&#8220;.vc_custom_1570543061069{margin-top: 20px !important;}&#8220;]<div class=\"columns_wrap sc_columns columns_nofluid sc_columns_count_2\"><div class=\"column-1_2 sc_column_item sc_column_item_1 odd first\">[vc_column_text]Auch bei Wettk\u00e4mpfen waren die Wehrm\u00e4nner fast immer vertreten und konnten besonders seit Anfang der 70 er Jahre manch sch\u00f6nen Erfolg erzielen, was in Form von Pokalen und Urkunden ersichtlich ist.<br \/>\nDas 75j\u00e4hrige Jubil\u00e4um feierte die Wehr 1978. Damals wurde, auch durch den pers\u00f6nlichen Einsatz des heutigen Ehren-Ortsbrandmeisters Ulrich Westmeier, eine Frauengruppe ins Leben gerufen. Diese Frauengruppe setzt sich seitdem f\u00fcr die kulturelle Unterhaltung im Ort ein und feierte im Jahr 2003 ihr 25j\u00e4hriges Bestehen.<\/p>\n<p>Ebenfalls um 1978 wurde eine freundschaftliche Beziehung zu der Freiwilligen Feuerwehr Horst, bei Garbsen, aufgebaut, die noch heute besteht.<\/p>\n<p>Unsere Wehr wurde im Herbst 1981 mobiler, als uns die Stadtverwaltung Moringen mit einem TSF VW LT 31 ausr\u00fcstete. Dieses wurde 1982 neben dem TLF 8 der Kreisbereitschaft beim zweiten Gro\u00dfbrand innerhalb von zehn Jahren auf dem landwirtschaftlichen Anwesen von G\u00fcnter Sehlen eingesetzt. Verst\u00e4rkung erhielten wir von den Nachbarwehren Fredelsloh und Moringen.<\/p>\n<p>Anfang 1983 stellte unser damaliger Orts- und sp\u00e4terer Ehrenortsbrandmeister Kamerad August Nienstedt sein Amt aus Altersgr\u00fcnden zur Verf\u00fcgung. Er konnte auf die l\u00e4ngste aufeinander folgende Amtszeit im Kreis Northeim zur\u00fcckblicken, immerhin waren es 45 Jahre aktive Dienstzeit, hiervon 35 Jahre als Ortsbrandmeister.<\/p>\n<p>Als neuer Ortsbrandmeister wurde der Kamerad Franz Myrth gew\u00e4hlt. W\u00e4hrend seiner Dienstzeit tauschte die Stadtverwaltung Moringen unsere schon \u00fcber drei\u00dfig Jahre alte TS 8\/8 VW Bachert gegen eine moderne Rosenbauer Pumpe aus. Die alte Pumpe wurde sp\u00e4ter in vielen Stunden m\u00fchevoller Bastel- und Kleinarbeit liebevoll restauriert.<\/p>\n<p>1989 wurde der bisherige stellvertretende Ortsbrandmeister Herbert Rohmeier zum Leiter der Altersabteilung vorgeschlagen und gew\u00e4hlt. Er f\u00fchrte dieses Amt bis zu seinem R\u00fccktritt 2001 aus und wurde dann von dem Kameraden Heinz Freund abgel\u00f6st.<\/p>\n<p>Im Januar 1991 w\u00e4hlte die Generalversammlung, nachdem Kamerad Franz Myrth sich nicht wieder zur Wahl stellte, den seit 1989 als Stellvertreter amtierenden Ulrich Westemeier zum neuen Ortsbrandmeister. Sein Stellvertreter wurde der Kamerad J\u00fcrgen Schwerdtfeger.<\/p>\n<p>Anno 1993 beging unsere Wehr im gr\u00f6\u00dferen Rahmen das 90-j\u00e4hrige Jubil\u00e4um, welches an der Scheune von Wilhelm D\u00fcvel an der Sevenser Strasse gefeiert wurde. Die Wiese hierf\u00fcr stellten die Besitzer Wilhelm D\u00fcvel und Anke Wille freundlicherweise kostenlos zur Verf\u00fcgung.<\/p>\n<p>Im Jahre 1997 wurde die alte Tradition des Aufstellens eines Maibaumes wiederbelebt und eingef\u00fchrt. Dieser wurde frisch im Wald geschlagen, vom Kameraden Herbert Rohmeier bearbeitet, gestrichen, von den Frauen geschm\u00fcckt und mit Unterst\u00fctzung einiger M\u00e4nner j\u00e4hrlich zur Maifeier am Feuerwehrplatz aufgestellt.<\/p>\n<p>Nach l\u00e4ngerer Enthaltsamkeit wurde unsere Einsatzf\u00e4higkeit im Herbst 1998 wieder gefordert, nachdem es mehrere Tage wie aus Eimern gesch\u00fcttet hatte und im Landkreis gro\u00dfe Fl\u00e4chen unter Wasser standen.<\/p>\n<p>Innerhalb von f\u00fcnf Tagen mussten wir zweimal zu Hochwassereins\u00e4tzen in Lutterbeck und Oldenrode ausr\u00fccken, um Schaden von H\u00e4usern und Geb\u00e4uden abzuwenden. Das halbe Unterdorf stand unter Wasser, ein richtiges Jahrhunderthochwasser, mit Fluten im Ort, die selbst \u00e4ltere Einwohner nicht kannten. Die einzige Freude hatten die Kinder.[\/vc_column_text]<\/div><div class=\"column-1_2 sc_column_item sc_column_item_2 even\">[vc_column_text]Im August 1999 mussten wir zu einem M\u00e4hdrescherbrand zu Sehlen ausr\u00fccken, bei dem Gott sei Dank nur Schaden an der<br \/>\nMaschine entstand und im Jahr 2000 war wieder einmal ein Hochwassereinsatz im Ortsbereich, allerdings nur im kleinen Rahmen.<\/p>\n<p>Im Jahre 2002 richtete die Wehr das seit mehr als zehn Jahren stattfindende Weperturnier aus. Dieses Fu\u00dfballturnier wird wechselweise von den Ortschaften Oldenrode, Nienhagen, Fredelsloh und Lutterbeck ausgerichtet und findet alle zwei Jahre statt. Durch die Zusammenarbeit und Beteiligung vieler Zuschauer und Mitglieder wurde es ein voller Erfolg.<\/p>\n<p>Im gleichen Jahr mu\u00dften wir eine \u00d6lspurbeseitigung auf der Ortsdurchfahrt vornehmen, die sich durch die ganze Gemeinde zog. Einige Wochen sp\u00e4ter unterst\u00fctzten wir die Ortswehr Moringen zu n\u00e4chtlicher Stunde mit einer nachbarschaftlichen L\u00f6schhilfe.<\/p>\n<p>In diesem Jahr\u00a02002, wurden f\u00fcr die Sicherheit der Mitglieder zwei Handsprechfunkger\u00e4te angeschafft um die Verbindung f\u00fcr die Atemschutztr\u00e4ger nach au\u00dfen zu verbessern. Der 100. Gr\u00fcndungstag der Wehr, wurde am 29. M\u00e4rz 03 mit einem Riesenanklang gefeiert. Es waren mehr als 70 Mitglieder erschienen. Ein gro\u00dfes Zeltfest zum Jubil\u00e4um, wurde\u00a0\u00a0\u00a0\u00a0\u00a0\u00a0\u00a0\u00a0 vom 13. -15. Juni 2003 gefeiert. Zu diesem Jubil\u00e4um verzichtete die Nachbarwehr Oldenrode auf ihr Zeltfest zum 40-j\u00e4hrigen Bestehen.<\/p>\n<p>2009 stellte der Ortsbrandmeister Ulrich Westemeier nach 18 Jahren an der Spitze der Wehr sein Amt zur Verf\u00fcgung. Als Nachfolger wurde Kamerad Marcus Pf\u00fcller gew\u00e4hlt, der die Wehr seit dem anf\u00fchrt.<\/p>\n<p>Im Jahr 2011 wurde durch die Stadt Moringen, ein gebrauchtes TSF-W auf VW LT 50 Fahrgestell angeschafft. Dies ist nach &#8222;alter&#8220; Norm mit einem 500 Liter-Tank ausgestattet. Auch konnte durch die Unterst\u00fctzung des Feuerwehrvereins Lutterbeck e.V. der Fuhrpark der Wehr erweitert werden.<\/p>\n<p>So kann heute auf einen TSA (Tragkraftspritzenanh\u00e4nger), einen LiMa (Lichtmastanh\u00e4nger 20 KVA), einen FwA-Schlauch (Schlauchanh\u00e4nger mit derzeit 560m B-Druckschlauch, einen SEW (Schnellen Einsatzwagen mit weiterer TS) und ein FwA-Wasser (Wasserfass mit 6400 Liter Fassungsverm\u00f6gen) und zwei weitere Handsprechfunkger\u00e4te zur\u00fcck gegriffen werden.<\/p>\n<p>Auch unterst\u00fctzte der Feuerwehrverein Lutterbeck e.V. bei der Umstellung auf die Digitalalarmierung.<\/p>\n<p>So wurden 6 zus\u00e4tzliche Digitale Meldeempf\u00e4nger an die Wehr \u00fcbergeben. Zus\u00e4tzlich wurde eine automatische Alarmierung aller Handy\u2019s der aktiven Mitglieder eingerichtet.<\/p>\n<p>Aufgrund der gro\u00dfen Nachfrage, konnte im M\u00e4rz 2012 die erste Kinderfeuerwehr im Stadtgebiet Moringen bei uns in Lutterbeck eingerichtet werden. Diese findet auch heute noch sehr gro\u00dfen Zuspruch.<\/p>\n<p>Das 110-j\u00e4hrige Bestehen der Wehr, wurde aufgrund des Verzichtes der Oldenroder Wehr auf Ihr Jubil\u00e4um im Jahr 2003, nur im internen Kreis am 14. September 2013 gefeiert. Hier waren mehr als 100 Mitglieder mit ihren Familien anwesend.<\/p>\n<p>Da aber auf ein Zeltfest nicht g\u00e4nzlich verzichtet werden soll, feiert die Wehr ihr 112-j\u00e4hriges Bestehen vom 19. -21. Juni 2015\u00a0unter\u00a0dem\u00a0Motto:<\/p>\n<p><img decoding=\"async\" loading=\"lazy\" class=\"alignnone wp-image-2408 size-full\" src=\"http:\/\/neu.rh1704.feuerwehr-lutterbeck.de\/wp-content\/uploads\/2019\/10\/Logo_Fest.jpg\" alt=\"\" width=\"600\" height=\"122\" srcset=\"http:\/\/feuerwehr-lutterbeck.de\/wp-content\/uploads\/2019\/10\/Logo_Fest.jpg 600w, http:\/\/feuerwehr-lutterbeck.de\/wp-content\/uploads\/2019\/10\/Logo_Fest-300x61.jpg 300w\" sizes=\"(max-width: 600px) 100vw, 600px\" \/>[\/vc_column_text]<\/div><\/div>[\/vc_column][\/vc_row][vc_row][vc_column][vc_separator color=&#8220;sandy_brown&#8220; border_width=&#8220;2&#8243; css=&#8220;.vc_custom_1570542507343{margin-top: 20px !important;}&#8220;][\/vc_column][\/vc_row][vc_row][vc_column][vc_column_text css=&#8220;.vc_custom_1570542878876{margin-top: 40px !important;}&#8220;]<\/p>\n<blockquote>\n<p style=\"text-align: center;\">Die Ortsbrandmeister seit der Gr\u00fcndung 1903 bis heute.<\/p>\n<\/blockquote>\n<p>[\/vc_column_text][\/vc_column][\/vc_row][vc_row][vc_column][vc_column_text css=&#8220;.vc_custom_1570542890110{margin-top: 20px !important;}&#8220;]<\/p>\n<p style=\"text-align: center;\"><strong>1903 &#8211; 1907 \u00a0\u00a0<\/strong> Kamerad Ebert<br \/>\n<strong>1907 &#8211; 1916 \u00a0\u00a0<\/strong> Wilhelm D\u00f6rnte<br \/>\n<strong>1916 &#8211; 1919 \u00a0\u00a0<\/strong> Kamerad M\u00fcller<br \/>\n<strong>1919 &#8211; 1935 \u00a0\u00a0<\/strong> Wilhelm D\u00f6rnte<br \/>\n<strong>1935 &#8211; 1943 \u00a0\u00a0<\/strong> August D\u00fcvel<br \/>\n<strong>1943 &#8211; 1948 \u00a0\u00a0<\/strong> Albert Schoppe<br \/>\n<strong>1948 &#8211; 1983 \u00a0\u00a0<\/strong> August Nienstedt<br \/>\n<strong>1983 &#8211; 1991 \u00a0\u00a0<\/strong> Franz Myrth<br \/>\n<strong>1991 &#8211; 2009<\/strong> \u00a0\u00a0 Ulrich Westemeier<\/p>\n<p style=\"text-align: center;\"><strong>Seit M\u00e4rz 2009<\/strong> Marcus Pf\u00fcller<\/p>\n<p>[\/vc_column_text][\/vc_column][\/vc_row][vc_row][vc_column][vc_separator color=&#8220;sandy_brown&#8220; border_width=&#8220;2&#8243; css=&#8220;.vc_custom_1570543106897{margin-top: 40px !important;margin-bottom: 20px !important;}&#8220;][\/vc_column][\/vc_row]<\/p>\n<\/section>","protected":false},"excerpt":{"rendered":"<p>[vc_row][vc_column][\/vc_column][\/vc_row][vc_row][vc_column][\/vc_column][\/vc_row][vc_row][vc_column][vc_separator color=&#8220;sandy_brown&#8220; border_width=&#8220;2&#8243;][\/vc_column][\/vc_row][vc_row][vc_column][vc_images_carousel images=&#8220;2404,2405,2406&#8243; img_size=&#8220;full&#8220; autoplay=&#8220;yes&#8220; css=&#8220;.vc_custom_1570543015285{margin-top: 20px !important;}&#8220;][\/vc_column][\/vc_row][vc_row][vc_column][vc_separator color=&#8220;sandy_brown&#8220; border_width=&#8220;2&#8243; css=&#8220;.vc_custom_1570543039459{margin-top: 20px !important;}&#8220;][\/vc_column][\/vc_row][vc_row][vc_column css=&#8220;.vc_custom_1570543061069{margin-top: 20px !important;}&#8220;][\/vc_column][\/vc_row][vc_row][vc_column][vc_separator color=&#8220;sandy_brown&#8220; border_width=&#8220;2&#8243; css=&#8220;.vc_custom_1570542507343{margin-top: 20px !important;}&#8220;][\/vc_column][\/vc_row][vc_row][vc_column][vc_column_text css=&#8220;.vc_custom_1570542878876{margin-top: 40px !important;}&#8220;] Die Ortsbrandmeister seit der Gr\u00fcndung [&hellip;]<\/p>\n","protected":false},"author":1,"featured_media":0,"parent":0,"menu_order":0,"comment_status":"closed","ping_status":"closed","template":"","meta":[],"_links":{"self":[{"href":"http:\/\/feuerwehr-lutterbeck.de\/index.php?rest_route=\/wp\/v2\/pages\/2332"}],"collection":[{"href":"http:\/\/feuerwehr-lutterbeck.de\/index.php?rest_route=\/wp\/v2\/pages"}],"about":[{"href":"http:\/\/feuerwehr-lutterbeck.de\/index.php?rest_route=\/wp\/v2\/types\/page"}],"author":[{"embeddable":true,"href":"http:\/\/feuerwehr-lutterbeck.de\/index.php?rest_route=\/wp\/v2\/users\/1"}],"replies":[{"embeddable":true,"href":"http:\/\/feuerwehr-lutterbeck.de\/index.php?rest_route=%2Fwp%2Fv2%2Fcomments&post=2332"}],"version-history":[{"count":7,"href":"http:\/\/feuerwehr-lutterbeck.de\/index.php?rest_route=\/wp\/v2\/pages\/2332\/revisions"}],"predecessor-version":[{"id":2413,"href":"http:\/\/feuerwehr-lutterbeck.de\/index.php?rest_route=\/wp\/v2\/pages\/2332\/revisions\/2413"}],"wp:attachment":[{"href":"http:\/\/feuerwehr-lutterbeck.de\/index.php?rest_route=%2Fwp%2Fv2%2Fmedia&parent=2332"}],"curies":[{"name":"wp","href":"https:\/\/api.w.org\/{rel}","templated":true}]}}