{"id":1252,"date":"2015-12-23T07:25:03","date_gmt":"2015-12-23T07:25:03","guid":{"rendered":"http:\/\/neu.rh1704.feuerwehr-lutterbeck.de\/?page_id=1252"},"modified":"2019-10-09T12:50:48","modified_gmt":"2019-10-09T12:50:48","slug":"join","status":"publish","type":"page","link":"http:\/\/feuerwehr-lutterbeck.de\/?page_id=1252","title":{"rendered":"Ausstattung"},"content":{"rendered":"<section class=\"wpb-content-wrapper\"><p>[vc_row full_width=&#8220;stretch_row_content_no_spaces&#8220; el_class=&#8220;custom_block_join_responsive_2&#8243;][vc_column][vc_hoverbox image=&#8220;2448&#8243; primary_title=&#8220;TSF-W&#8220; hover_title=&#8220;TSF-W&#8220;]<strong>Fahrzeugart:<\/strong> TSF-Wasser<br \/>\n<strong>Funkrufname:<\/strong> 27-41-30<br \/>\n<strong>Kennzeichen:<\/strong> NOM-LU 112<br \/>\n<strong>Fahrgestell:<\/strong> VW-LT 50 Turbo<br \/>\n<strong>Baujahr:<\/strong> 1992<br \/>\n<strong>Leistung:<\/strong> 115 PS<br \/>\n<strong>Bemerkung:<\/strong> Wasssertank mit 500 Litern, Schaumpistole, 2 x PA, Wassserabgang vom Tank unter dem Aufbau auf der Beifahrerseite[\/vc_hoverbox][\/vc_column][\/vc_row][vc_row full_width=&#8220;stretch_row_content_no_spaces&#8220; el_class=&#8220;custom_block_join_responsive_2&#8243;][vc_column][vc_hoverbox image=&#8220;2449&#8243; primary_title=&#8220;FwA-LiMa&#8220; hover_title=&#8220;FwA-LiMa&#8220;]<strong>Fahrzeugart:<\/strong> FwA-LiMa<br \/>\n<strong>Funkrufname:<\/strong> 27-FwA-LiMa<br \/>\n<strong>Kennzeichen:<\/strong> NOM-LU 312<br \/>\n<strong>Fahrgestell:<\/strong> An\u00e4nger 1,4 t<br \/>\n<strong>Baujahr:<\/strong> 1983<br \/>\n<strong>Leistung:<\/strong> 20 KVA<br \/>\n<strong>Bemerkung:<\/strong> Der Stromerzeuger wurde im Jahr 2009 mit einem Lichtmast ausgestattet. Ausgefahren kann damit eine obere Lichth\u00f6he von ca. 8m erreicht werden.<br \/>\nAls Beleuctungskomponenten stehen eine Traverse, best\u00fcckt mit 6 Scheinwerfern a. 100 Watt LED, ein Stativ mit 100 Watt LED Strahler und eine Boden-Stativeinheit mit 2 x 500 Watt Halogen zur Verf\u00fcgung.[\/vc_hoverbox][\/vc_column][\/vc_row][vc_row full_width=&#8220;stretch_row_content_no_spaces&#8220; el_class=&#8220;custom_block_join_responsive_2&#8243;][vc_column][vc_hoverbox image=&#8220;2450&#8243; primary_title=&#8220;FwA-Schlauch 500&#8243; hover_title=&#8220;FwA-Schlauch 500&#8243;]<strong>Fahrzeugart:<\/strong> FwA-Schlauch 500<br \/>\n<strong>Funkrufname:<\/strong> 27-FwA-Schlauch 500<br \/>\n<strong>Kennzeichen:<\/strong> NOM-LU 212<br \/>\n<strong>Fahrgestell:<\/strong> Anh\u00e4nger<br \/>\n<strong>Baujahr:<\/strong> 2011 (Eigenbau)<br \/>\n<strong>Leistung:<\/strong> ***<br \/>\n<strong>Bemerkung:<\/strong> Der Anh\u00e4nger wurde in Eigenarbeit aufgebaut.<br \/>\nEr ist derzeit mit 560 m B-Druckschlauch am St\u00fcck und einem Verteiler C-B-C ausgestattet.[\/vc_hoverbox][\/vc_column][\/vc_row][vc_row full_width=&#8220;stretch_row_content_no_spaces&#8220; el_class=&#8220;custom_block_join_responsive_2&#8243;][vc_column][vc_hoverbox image=&#8220;2451&#8243; primary_title=&#8220;FwA-Wasser 6400&#8243; hover_title=&#8220;FwA-Wasser 6400&#8243;]<strong>Fahrzeugart:<\/strong> FwA-Wasser 6400 (L\u00f6schwasseranh\u00e4nger)<br \/>\n<strong>Funkrufname:<\/strong> 27-FwA-Wasser 6400<br \/>\n<strong>Kennzeichen:<\/strong> ***<br \/>\n<strong>Fahrgestell:<\/strong> Anh\u00e4nger 8,0 t<br \/>\n<strong>Baujahr:<\/strong> k.a.<br \/>\n<strong>Leistung:<\/strong> ***<br \/>\n<strong>Bemerkung:<\/strong> Im Jahr 2011 wurde unserer Wehr ein ausrangiertes G\u00fcllefass als L\u00f6schwasserbehalter f\u00fcr Wald- und Fl\u00e4chenbr\u00e4nde \u00fcberlassen.<br \/>\nDer Umbau zum L\u00f6schwasseranh\u00e4nger erfolgte 2012-2013.[\/vc_hoverbox][\/vc_column][\/vc_row][vc_row full_width=&#8220;stretch_row_content_no_spaces&#8220; el_class=&#8220;custom_block_join_responsive_2&#8243;][vc_column][vc_hoverbox image=&#8220;2452&#8243; primary_title=&#8220;TSA&#8220; hover_title=&#8220;TSA&#8220;]<strong>Fahrzeugart:<\/strong> Transportanh\u00e4nger<br \/>\n<strong>Funkrufname:<\/strong> 27-FwA-Transport<br \/>\n<strong>Kennzeichen:<\/strong> k.a. (Zugfahrzeug)<br \/>\n<strong>Fahrgestell:<\/strong> Ziegler<br \/>\n<strong>Baujahr:<\/strong> 1968<br \/>\n<strong>Leistung:<\/strong> ***<br \/>\n<strong>Bemerkung:<\/strong> Unser Transportanh\u00e4nger (ehemals ein TSA) wird derzeit von unserer <strong>Kinderfeuerwehr<\/strong> bei Umz\u00fcgen usw. genutzt.<br \/>\n<em><strong>Er wurde unserer Wehr von Hermann und J\u00fcrgen Lining geschenkt. Vielen Dank.<\/strong><\/em>[\/vc_hoverbox][\/vc_column][\/vc_row][vc_row full_width=&#8220;stretch_row_content_no_spaces&#8220; el_class=&#8220;custom_block_join_responsive_2&#8243;][vc_column][vc_hoverbox image=&#8220;2453&#8243; primary_title=&#8220;SEW&#8220; hover_title=&#8220;SEW&#8220;]Fahrzeugart: <strong>SEW &#8222;Schneller Einsatzwagen&#8220;<br \/>\n<\/strong>Funkrufname:<strong> 27- FwA &#8211; SEW<br \/>\n<\/strong>Kennzeichen:<strong> ***<br \/>\n<\/strong>Fahrgestell: <strong>Anh\u00e4nger<br \/>\n<\/strong>Baujahr:<strong> 1997<br \/>\n<\/strong>Leistung:<strong> ***<br \/>\n<\/strong>Bemerkung: Der Anh\u00e4nger wurde in Eigenarbeit aufgebaut. Er ist mit einer TS 8\/8, Schlauchmaterial, Strahlrohren,<br \/>\n2 Verteilern und Material zur Verkehrssicherung ausgestattet. Es ist m\u00f6glich, mit der Ausr\u00fcstung eine zweite Gruppe auszustatten.<\/p>\n<p>&nbsp;[\/vc_hoverbox][\/vc_column][\/vc_row][vc_row][vc_column][\/vc_column][\/vc_row]<\/p>\n<\/section>","protected":false},"excerpt":{"rendered":"<p>[vc_row full_width=&#8220;stretch_row_content_no_spaces&#8220; el_class=&#8220;custom_block_join_responsive_2&#8243;][vc_column][vc_hoverbox image=&#8220;2448&#8243; primary_title=&#8220;TSF-W&#8220; hover_title=&#8220;TSF-W&#8220;]Fahrzeugart: TSF-Wasser Funkrufname: 27-41-30 Kennzeichen: NOM-LU 112 Fahrgestell: VW-LT 50 Turbo Baujahr: 1992 Leistung: 115 PS Bemerkung: Wasssertank mit 500 Litern, Schaumpistole, 2 x PA, [&hellip;]<\/p>\n","protected":false},"author":1,"featured_media":0,"parent":0,"menu_order":0,"comment_status":"closed","ping_status":"closed","template":"","meta":[],"_links":{"self":[{"href":"http:\/\/feuerwehr-lutterbeck.de\/index.php?rest_route=\/wp\/v2\/pages\/1252"}],"collection":[{"href":"http:\/\/feuerwehr-lutterbeck.de\/index.php?rest_route=\/wp\/v2\/pages"}],"about":[{"href":"http:\/\/feuerwehr-lutterbeck.de\/index.php?rest_route=\/wp\/v2\/types\/page"}],"author":[{"embeddable":true,"href":"http:\/\/feuerwehr-lutterbeck.de\/index.php?rest_route=\/wp\/v2\/users\/1"}],"replies":[{"embeddable":true,"href":"http:\/\/feuerwehr-lutterbeck.de\/index.php?rest_route=%2Fwp%2Fv2%2Fcomments&post=1252"}],"version-history":[{"count":3,"href":"http:\/\/feuerwehr-lutterbeck.de\/index.php?rest_route=\/wp\/v2\/pages\/1252\/revisions"}],"predecessor-version":[{"id":2807,"href":"http:\/\/feuerwehr-lutterbeck.de\/index.php?rest_route=\/wp\/v2\/pages\/1252\/revisions\/2807"}],"wp:attachment":[{"href":"http:\/\/feuerwehr-lutterbeck.de\/index.php?rest_route=%2Fwp%2Fv2%2Fmedia&parent=1252"}],"curies":[{"name":"wp","href":"https:\/\/api.w.org\/{rel}","templated":true}]}}